{"id":17,"date":"2025-12-23T02:23:47","date_gmt":"2025-12-23T02:23:47","guid":{"rendered":"https:\/\/rusch.cl\/?page_id=17"},"modified":"2025-12-24T12:03:10","modified_gmt":"2025-12-24T12:03:10","slug":"inicio","status":"publish","type":"page","link":"https:\/\/rusch.cl\/","title":{"rendered":"Inicio"},"content":{"rendered":"\t\t<div data-elementor-type=\"wp-page\" data-elementor-id=\"17\" class=\"elementor elementor-17\" data-elementor-post-type=\"page\">\n\t\t\t\t<div class=\"elementor-element elementor-element-419925e animated-slow e-flex e-con-boxed elementor-invisible e-con e-parent\" data-id=\"419925e\" data-element_type=\"container\" data-settings=\"{&quot;animation&quot;:&quot;fadeInUp&quot;}\">\n\t\t\t\t\t<div class=\"e-con-inner\">\n\t\t<div class=\"elementor-element elementor-element-87d8b9b e-con-full e-flex e-con e-child\" data-id=\"87d8b9b\" data-element_type=\"container\">\n\t\t\t\t<div class=\"elementor-element elementor-element-2446310 elementor-widget elementor-widget-image\" data-id=\"2446310\" data-element_type=\"widget\" data-widget_type=\"image.default\">\n\t\t\t\t\t\t\t\t\t\t\t\t\t\t\t<img fetchpriority=\"high\" decoding=\"async\" width=\"900\" height=\"1165\" src=\"https:\/\/rusch.cl\/wp-content\/uploads\/2025\/12\/Portada.jpg\" class=\"attachment-full size-full wp-image-31\" alt=\"\" srcset=\"https:\/\/rusch.cl\/wp-content\/uploads\/2025\/12\/Portada.jpg 900w, https:\/\/rusch.cl\/wp-content\/uploads\/2025\/12\/Portada-232x300.jpg 232w, https:\/\/rusch.cl\/wp-content\/uploads\/2025\/12\/Portada-791x1024.jpg 791w, https:\/\/rusch.cl\/wp-content\/uploads\/2025\/12\/Portada-768x994.jpg 768w\" sizes=\"(max-width: 900px) 100vw, 900px\" \/>\t\t\t\t\t\t\t\t\t\t\t\t\t\t\t<\/div>\n\t\t\t\t<\/div>\n\t\t<div class=\"elementor-element elementor-element-0d956b9 e-con-full e-flex e-con e-child\" data-id=\"0d956b9\" data-element_type=\"container\" id=\"autora\">\n\t\t\t\t<div class=\"elementor-element elementor-element-48228f5 elementor-widget elementor-widget-heading\" data-id=\"48228f5\" data-element_type=\"widget\" data-widget_type=\"heading.default\">\n\t\t\t\t\t<h2 class=\"elementor-heading-title elementor-size-default\">Un legado que no deb\u00eda perderse<\/h2>\t\t\t\t<\/div>\n\t\t\t\t<div class=\"elementor-element elementor-element-258974a elementor-widget elementor-widget-text-editor\" data-id=\"258974a\" data-element_type=\"widget\" data-widget_type=\"text-editor.default\">\n\t\t\t\t\t\t\t\t\t<p>Esta obra nace del silencio y de la memoria. De documentos guardados por d\u00e9cadas, de fotograf\u00edas sin relato y de historias que nunca se contaron en voz alta. Como ocurre en muchas familias, el pasado qued\u00f3 postergado mientras la vida segu\u00eda su curso. Solo con el paso del tiempo surge la necesidad de mirar atr\u00e1s y comprender de d\u00f3nde venimos.<\/p><p>Este relato busca unir fragmentos dispersos y darles sentido. Rescatar nombres, viajes, decisiones y sacrificios que construyeron lo que hoy somos. No como un ejercicio nost\u00e1lgico, sino como un acto de reconocimiento. Porque la historia familiar no pertenece al pasado, sino a quienes la contin\u00faan. Y porque aquello que no se escribe, inevitablemente se pierde.<\/p>\t\t\t\t\t\t\t\t<\/div>\n\t\t\t\t<\/div>\n\t\t\t\t\t<\/div>\n\t\t\t\t<\/div>\n\t\t<div class=\"elementor-element elementor-element-10b01e7 animated-slow e-flex e-con-boxed elementor-invisible e-con e-parent\" data-id=\"10b01e7\" data-element_type=\"container\" id=\"autor\" data-settings=\"{&quot;animation&quot;:&quot;fadeInUp&quot;}\">\n\t\t\t\t\t<div class=\"e-con-inner\">\n\t\t<div class=\"elementor-element elementor-element-0a12ac4 e-con-full e-flex e-con e-child\" data-id=\"0a12ac4\" data-element_type=\"container\">\n\t\t\t\t<div class=\"elementor-element elementor-element-c5e6200 elementor-widget elementor-widget-heading\" data-id=\"c5e6200\" data-element_type=\"widget\" data-widget_type=\"heading.default\">\n\t\t\t\t\t<h2 class=\"elementor-heading-title elementor-size-default\">Enrique Rusch Meissner<\/h2>\t\t\t\t<\/div>\n\t\t\t\t<div class=\"elementor-element elementor-element-bde658e elementor-widget elementor-widget-text-editor\" data-id=\"bde658e\" data-element_type=\"widget\" data-widget_type=\"text-editor.default\">\n\t\t\t\t\t\t\t\t\t<p>Autor del libro \u201cHistorias familiares Rusch Meissner\u201d.<\/p><p>Enrique estudi\u00f3 en el Colegio Alem\u00e1n de Santiago y es Ingeniero Comercial de la Universidad Cat\u00f3lica de Santiago, y Doctorado de la Universidad de M\u00fcnster, Alemania. Fue docente full time de la Facultad de Administraci\u00f3n y Econom\u00eda de la Universidad Cat\u00f3lica. Junto con desempe\u00f1arse como ejecutivo en varias empresas, en forma paralela fue director y presidente de varias instituciones Chileno- Alemanas como el Club Deportivo Manquehue, Corporaci\u00f3n Chileno-Alemana de Beneficencia, y Cl\u00ednica Alemana, siempre con el objetivo de preservar los valores y la cultura chileno alemana en las instituciones de las que formaba parte. Como descendiente de familias alemanas tanto por el lado paterno como materno, a Enrique le pareci\u00f3 importante dejar como legado a los descendientes de la familia Rusch los or\u00edgenes de la familia en Alemania y su llegada a Chile hace ya 155 a\u00f1os, esperando que los descendientes completen las historias a medida que transcurra el tiempo.<\/p>\t\t\t\t\t\t\t\t<\/div>\n\t\t\t\t<\/div>\n\t\t<div class=\"elementor-element elementor-element-e6a5426 e-con-full e-flex e-con e-child\" data-id=\"e6a5426\" data-element_type=\"container\">\n\t\t\t\t<div class=\"elementor-element elementor-element-2d39aa1 elementor-widget elementor-widget-image\" data-id=\"2d39aa1\" data-element_type=\"widget\" data-widget_type=\"image.default\">\n\t\t\t\t\t\t\t\t\t\t\t\t\t\t\t<img decoding=\"async\" width=\"784\" height=\"1024\" src=\"https:\/\/rusch.cl\/wp-content\/uploads\/2025\/12\/WhatsApp-Image-2025-12-24-at-7.59.36-AM-784x1024.jpeg\" class=\"attachment-large size-large wp-image-61\" alt=\"\" srcset=\"https:\/\/rusch.cl\/wp-content\/uploads\/2025\/12\/WhatsApp-Image-2025-12-24-at-7.59.36-AM-784x1024.jpeg 784w, https:\/\/rusch.cl\/wp-content\/uploads\/2025\/12\/WhatsApp-Image-2025-12-24-at-7.59.36-AM-230x300.jpeg 230w, https:\/\/rusch.cl\/wp-content\/uploads\/2025\/12\/WhatsApp-Image-2025-12-24-at-7.59.36-AM-768x1003.jpeg 768w, https:\/\/rusch.cl\/wp-content\/uploads\/2025\/12\/WhatsApp-Image-2025-12-24-at-7.59.36-AM-1176x1536.jpeg 1176w, https:\/\/rusch.cl\/wp-content\/uploads\/2025\/12\/WhatsApp-Image-2025-12-24-at-7.59.36-AM.jpeg 1225w\" sizes=\"(max-width: 784px) 100vw, 784px\" \/>\t\t\t\t\t\t\t\t\t\t\t\t\t\t\t<\/div>\n\t\t\t\t<\/div>\n\t\t\t\t\t<\/div>\n\t\t\t\t<\/div>\n\t\t<div class=\"elementor-element elementor-element-a956848 animated-slow e-flex e-con-boxed elementor-invisible e-con e-parent\" data-id=\"a956848\" data-element_type=\"container\" id=\"descarga\" data-settings=\"{&quot;animation&quot;:&quot;fadeInUp&quot;}\">\n\t\t\t\t\t<div class=\"e-con-inner\">\n\t\t<div class=\"elementor-element elementor-element-e2476c5 e-con-full e-flex e-con e-child\" data-id=\"e2476c5\" data-element_type=\"container\">\n\t\t\t\t<div class=\"elementor-element elementor-element-77d5607 elementor-widget elementor-widget-image\" data-id=\"77d5607\" data-element_type=\"widget\" data-widget_type=\"image.default\">\n\t\t\t\t\t\t\t\t\t\t\t\t\t\t\t<img decoding=\"async\" width=\"200\" height=\"200\" src=\"https:\/\/rusch.cl\/wp-content\/uploads\/2025\/12\/Icon.png\" class=\"attachment-full size-full wp-image-12\" alt=\"\" srcset=\"https:\/\/rusch.cl\/wp-content\/uploads\/2025\/12\/Icon.png 200w, https:\/\/rusch.cl\/wp-content\/uploads\/2025\/12\/Icon-150x150.png 150w\" sizes=\"(max-width: 200px) 100vw, 200px\" \/>\t\t\t\t\t\t\t\t\t\t\t\t\t\t\t<\/div>\n\t\t\t\t<div class=\"elementor-element elementor-element-c81870b elementor-widget elementor-widget-heading\" data-id=\"c81870b\" data-element_type=\"widget\" data-widget_type=\"heading.default\">\n\t\t\t\t\t<h2 class=\"elementor-heading-title elementor-size-default\">Descarga el PDF del Libro\n<\/h2>\t\t\t\t<\/div>\n\t\t\t\t<div class=\"elementor-element elementor-element-52051fd elementor-widget elementor-widget-text-editor\" data-id=\"52051fd\" data-element_type=\"widget\" data-widget_type=\"text-editor.default\">\n\t\t\t\t\t\t\t\t\t<p>D\u00e9janos tus datos, haz clic en descargar y obtendr\u00e1s el PDF<\/p>\t\t\t\t\t\t\t\t<\/div>\n\t\t\t\t<div class=\"elementor-element elementor-element-ec0cda8 elementor-button-align-stretch elementor-widget elementor-widget-form\" data-id=\"ec0cda8\" data-element_type=\"widget\" data-settings=\"{&quot;step_next_label&quot;:&quot;Next&quot;,&quot;step_previous_label&quot;:&quot;Previous&quot;,&quot;button_width&quot;:&quot;100&quot;,&quot;step_type&quot;:&quot;number_text&quot;,&quot;step_icon_shape&quot;:&quot;circle&quot;}\" data-widget_type=\"form.default\">\n\t\t\t\t\t\t\t<form class=\"elementor-form\" method=\"post\" name=\"Descarga de Libro\" aria-label=\"Descarga de Libro\">\n\t\t\t<input type=\"hidden\" name=\"post_id\" value=\"17\"\/>\n\t\t\t<input type=\"hidden\" name=\"form_id\" value=\"ec0cda8\"\/>\n\t\t\t<input type=\"hidden\" name=\"referer_title\" value=\"\" \/>\n\n\t\t\t\t\t\t\t<input type=\"hidden\" name=\"queried_id\" value=\"17\"\/>\n\t\t\t\n\t\t\t<div class=\"elementor-form-fields-wrapper elementor-labels-\">\n\t\t\t\t\t\t\t\t<div class=\"elementor-field-type-text elementor-field-group elementor-column elementor-field-group-name elementor-col-100 elementor-field-required\">\n\t\t\t\t\t\t\t\t\t\t\t\t<label for=\"form-field-name\" class=\"elementor-field-label elementor-screen-only\">\n\t\t\t\t\t\t\t\tNombre Apellido\t\t\t\t\t\t\t<\/label>\n\t\t\t\t\t\t\t\t\t\t\t\t\t\t<input size=\"1\" type=\"text\" name=\"form_fields[name]\" id=\"form-field-name\" class=\"elementor-field elementor-size-sm  elementor-field-textual\" placeholder=\"Nombre Apellido\" required=\"required\">\n\t\t\t\t\t\t\t\t\t\t\t<\/div>\n\t\t\t\t\t\t\t\t<div class=\"elementor-field-type-email elementor-field-group elementor-column elementor-field-group-email elementor-col-100 elementor-field-required\">\n\t\t\t\t\t\t\t\t\t\t\t\t<label for=\"form-field-email\" class=\"elementor-field-label elementor-screen-only\">\n\t\t\t\t\t\t\t\tCorreo\t\t\t\t\t\t\t<\/label>\n\t\t\t\t\t\t\t\t\t\t\t\t\t\t<input size=\"1\" type=\"email\" name=\"form_fields[email]\" id=\"form-field-email\" class=\"elementor-field elementor-size-sm  elementor-field-textual\" placeholder=\"Correo\" required=\"required\">\n\t\t\t\t\t\t\t\t\t\t\t<\/div>\n\t\t\t\t\t\t\t\t<div class=\"elementor-field-group elementor-column elementor-field-type-submit elementor-col-100 e-form__buttons\">\n\t\t\t\t\t<button class=\"elementor-button elementor-size-sm\" type=\"submit\">\n\t\t\t\t\t\t<span class=\"elementor-button-content-wrapper\">\n\t\t\t\t\t\t\t\t\t\t\t\t\t\t\t<span class=\"elementor-button-icon\">\n\t\t\t\t\t\t\t\t\t<svg aria-hidden=\"true\" class=\"e-font-icon-svg e-far-file-pdf\" viewBox=\"0 0 384 512\" xmlns=\"http:\/\/www.w3.org\/2000\/svg\"><path d=\"M369.9 97.9L286 14C277 5 264.8-.1 252.1-.1H48C21.5 0 0 21.5 0 48v416c0 26.5 21.5 48 48 48h288c26.5 0 48-21.5 48-48V131.9c0-12.7-5.1-25-14.1-34zM332.1 128H256V51.9l76.1 76.1zM48 464V48h160v104c0 13.3 10.7 24 24 24h104v288H48zm250.2-143.7c-12.2-12-47-8.7-64.4-6.5-17.2-10.5-28.7-25-36.8-46.3 3.9-16.1 10.1-40.6 5.4-56-4.2-26.2-37.8-23.6-42.6-5.9-4.4 16.1-.4 38.5 7 67.1-10 23.9-24.9 56-35.4 74.4-20 10.3-47 26.2-51 46.2-3.3 15.8 26 55.2 76.1-31.2 22.4-7.4 46.8-16.5 68.4-20.1 18.9 10.2 41 17 55.8 17 25.5 0 28-28.2 17.5-38.7zm-198.1 77.8c5.1-13.7 24.5-29.5 30.4-35-19 30.3-30.4 35.7-30.4 35zm81.6-190.6c7.4 0 6.7 32.1 1.8 40.8-4.4-13.9-4.3-40.8-1.8-40.8zm-24.4 136.6c9.7-16.9 18-37 24.7-54.7 8.3 15.1 18.9 27.2 30.1 35.5-20.8 4.3-38.9 13.1-54.8 19.2zm131.6-5s-5 6-37.3-7.8c35.1-2.6 40.9 5.4 37.3 7.8z\"><\/path><\/svg>\t\t\t\t\t\t\t\t\t\t\t\t\t\t\t\t\t<\/span>\n\t\t\t\t\t\t\t\t\t\t\t\t\t\t\t\t\t\t\t\t\t\t<span class=\"elementor-button-text\">DESCARGAR<\/span>\n\t\t\t\t\t\t\t\t\t\t\t\t\t<\/span>\n\t\t\t\t\t<\/button>\n\t\t\t\t<\/div>\n\t\t\t<\/div>\n\t\t<\/form>\n\t\t\t\t\t\t<\/div>\n\t\t\t\t<\/div>\n\t\t\t\t\t<\/div>\n\t\t\t\t<\/div>\n\t\t\t\t<\/div>\n\t\t","protected":false},"excerpt":{"rendered":"<p>Un legado que no deb\u00eda perderse Esta obra nace del silencio y de la memoria. De documentos guardados por d\u00e9cadas, de fotograf\u00edas sin relato y de historias que nunca se contaron en voz alta. Como ocurre en muchas familias, el pasado qued\u00f3 postergado mientras la vida segu\u00eda su curso. Solo con el paso del tiempo [&hellip;]<\/p>\n","protected":false},"author":1,"featured_media":0,"parent":0,"menu_order":0,"comment_status":"closed","ping_status":"closed","template":"elementor_header_footer","meta":{"footnotes":""},"class_list":["post-17","page","type-page","status-publish","hentry"],"_links":{"self":[{"href":"https:\/\/rusch.cl\/index.php?rest_route=\/wp\/v2\/pages\/17","targetHints":{"allow":["GET"]}}],"collection":[{"href":"https:\/\/rusch.cl\/index.php?rest_route=\/wp\/v2\/pages"}],"about":[{"href":"https:\/\/rusch.cl\/index.php?rest_route=\/wp\/v2\/types\/page"}],"author":[{"embeddable":true,"href":"https:\/\/rusch.cl\/index.php?rest_route=\/wp\/v2\/users\/1"}],"replies":[{"embeddable":true,"href":"https:\/\/rusch.cl\/index.php?rest_route=%2Fwp%2Fv2%2Fcomments&post=17"}],"version-history":[{"count":28,"href":"https:\/\/rusch.cl\/index.php?rest_route=\/wp\/v2\/pages\/17\/revisions"}],"predecessor-version":[{"id":64,"href":"https:\/\/rusch.cl\/index.php?rest_route=\/wp\/v2\/pages\/17\/revisions\/64"}],"wp:attachment":[{"href":"https:\/\/rusch.cl\/index.php?rest_route=%2Fwp%2Fv2%2Fmedia&parent=17"}],"curies":[{"name":"wp","href":"https:\/\/api.w.org\/{rel}","templated":true}]}}